{"id":145,"date":"2023-07-03T10:14:48","date_gmt":"2023-07-03T08:14:48","guid":{"rendered":"https:\/\/edithsteinfriedensgebet.wordpress.com\/?page_id=145"},"modified":"2025-07-20T19:34:08","modified_gmt":"2025-07-20T19:34:08","slug":"friedensgebet-fur-europa","status":"publish","type":"page","link":"https:\/\/friedensgebet.karmel.at\/?page_id=145","title":{"rendered":"Friedensgebet am 9. August 2025 in Wien"},"content":{"rendered":"\n<p><\/p>\n\n\n\n<p>Wir laden Sie ein, am  liturgischen Fest der Hl. Edith Stein (9. August) mit uns um Frieden zu beten!<\/p>\n\n\n\n<p>Wir feiern gemeinsam eine Hl. Messe und halten anschlie\u00dfend eine Eucharistische Anbetung mit Gebetsimpulsen als Bitte um Frieden f\u00fcr Europa. Sie k\u00f6nnen auch \u00fcber Livestream teilnehmen (siehe <a href=\"http:\/\/www.livestream.karmel.at\">www.livestream.karmel.at<\/a>).<\/p>\n\n\n\n<h5 class=\"wp-block-heading\">Anmeldung:<\/h5>\n\n\n\n<p>Wir bitten, wenn m\u00f6glich, um <a href=\"https:\/\/us6.list-manage.com\/survey?u=7c9d2aa0ecc1fde64fd44bc67&amp;id=63e49aa71a\" target=\"_blank\" rel=\"noreferrer noopener\">Anmeldung<\/a>.<\/p>\n\n\n\n<h5 class=\"wp-block-heading\">Programm:<\/h5>\n\n\n\n<p><strong>16.30 Uhr  Vortrag <\/strong>\u201cVon der N\u00e4chstenliebe im philosophischen Denken<br>Edith Steins\u201d von Dr. Helga Ehrmann-Falkenau, ESG\u00d6 Vizepr\u00e4sidentin<\/p>\n\n\n\n<p><strong>18.00 Uhr Festmesse<\/strong> mit Friedensgebet<\/p>\n\n\n\n<h5 class=\"wp-block-heading\">Ort:<\/h5>\n\n\n\n<p>Karmelitenkirche Wien, Silbergasse 35, 1190 Wien<\/p>\n\n\n\n<div class=\"wp-block-jetpack-map is-style-terrain\" data-map-style=\"terrain\" data-map-details=\"true\" data-points=\"[{&quot;placeTitle&quot;:&quot;Silbergasse 35, Wien, \u00d6sterreich&quot;,&quot;title&quot;:&quot;Karmelitenkirche Wien&quot;,&quot;caption&quot;:&quot;Silbergasse 35, Wien, \u00d6sterreich&quot;,&quot;coordinates&quot;:{&quot;longitude&quot;:16.350475311279297,&quot;latitude&quot;:48.2474479675293},&quot;id&quot;:&quot;Silbergasse 35, Wien, \u00d6sterreich 48.25 16.35&quot;}]\" data-zoom=\"13\" data-map-center=\"{&quot;lng&quot;:16.350475311279297,&quot;lat&quot;:48.2474479675293}\" data-marker-color=\"#ff6900\" data-scroll-to-zoom=\"true\" data-show-fullscreen-button=\"true\"><ul><li><a href=\"https:\/\/www.google.com\/maps\/search\/?api=1&amp;query=48.2474479675293,16.350475311279297\">Karmelitenkirche Wien<\/a><\/li><\/ul><\/div>\n\n\n\n<h5 class=\"wp-block-heading\">Livestream:<\/h5>\n\n\n\n<figure class=\"wp-block-embed is-type-video is-provider-youtube wp-block-embed-youtube wp-embed-aspect-16-9 wp-has-aspect-ratio\"><div class=\"wp-block-embed__wrapper\">\n<iframe loading=\"lazy\" title=\"Hl. Messe  und Friedensgebet f\u00fcr Europa mit der Hl. Edith Stein\" width=\"500\" height=\"281\" src=\"https:\/\/www.youtube.com\/embed\/gySX3mWNJ8Y?feature=oembed\" frameborder=\"0\" allow=\"accelerometer; autoplay; clipboard-write; encrypted-media; gyroscope; picture-in-picture; web-share\" referrerpolicy=\"strict-origin-when-cross-origin\" allowfullscreen><\/iframe>\n<\/div><\/figure>\n\n\n\n<h5 class=\"wp-block-heading\">Plakat zum Herunterladen:<\/h5>\n\n\n\n<div data-wp-interactive=\"core\/file\" class=\"wp-block-file\"><object data-wp-bind--hidden=\"!state.hasPdfPreview\" hidden class=\"wp-block-file__embed\" data=\"https:\/\/friedensgebet.karmel.at\/wp-content\/uploads\/2025\/07\/20250809-ES-Fest-friedensnovene.pdf\" type=\"application\/pdf\" style=\"width:100%;height:600px\" aria-label=\"Embed of 20250809 ES Fest friedensnovene.\"><\/object><a id=\"wp-block-file--media-ca79d66d-c0ce-4f4d-b9b3-30091af64725\" href=\"https:\/\/friedensgebet.karmel.at\/wp-content\/uploads\/2025\/07\/20250809-ES-Fest-friedensnovene.pdf\">20250809 ES Fest friedensnovene<\/a><a href=\"https:\/\/friedensgebet.karmel.at\/wp-content\/uploads\/2025\/07\/20250809-ES-Fest-friedensnovene.pdf\" class=\"wp-block-file__button wp-element-button\" download aria-describedby=\"wp-block-file--media-ca79d66d-c0ce-4f4d-b9b3-30091af64725\">Herunterladen<\/a><\/div>\n\n\n\n<p><\/p>\n","protected":false},"excerpt":{"rendered":"<p>Wir laden Sie ein, am liturgischen Fest der Hl. Edith Stein (9. August) mit uns um Frieden zu beten! Wir feiern gemeinsam eine Hl. Messe und halten anschlie\u00dfend eine Eucharistische Anbetung mit Gebetsimpulsen als Bitte um Frieden f\u00fcr Europa. Sie k\u00f6nnen auch \u00fcber Livestream teilnehmen (siehe www.livestream.karmel.at). Anmeldung: Wir bitten, wenn m\u00f6glich, um Anmeldung. Programm: [&hellip;]<\/p>\n","protected":false},"author":1,"featured_media":0,"parent":0,"menu_order":0,"comment_status":"closed","ping_status":"closed","template":"","meta":{"footnotes":""},"class_list":["post-145","page","type-page","status-publish","hentry"],"_links":{"self":[{"href":"https:\/\/friedensgebet.karmel.at\/index.php?rest_route=\/wp\/v2\/pages\/145","targetHints":{"allow":["GET"]}}],"collection":[{"href":"https:\/\/friedensgebet.karmel.at\/index.php?rest_route=\/wp\/v2\/pages"}],"about":[{"href":"https:\/\/friedensgebet.karmel.at\/index.php?rest_route=\/wp\/v2\/types\/page"}],"author":[{"embeddable":true,"href":"https:\/\/friedensgebet.karmel.at\/index.php?rest_route=\/wp\/v2\/users\/1"}],"replies":[{"embeddable":true,"href":"https:\/\/friedensgebet.karmel.at\/index.php?rest_route=%2Fwp%2Fv2%2Fcomments&post=145"}],"version-history":[{"count":6,"href":"https:\/\/friedensgebet.karmel.at\/index.php?rest_route=\/wp\/v2\/pages\/145\/revisions"}],"predecessor-version":[{"id":506,"href":"https:\/\/friedensgebet.karmel.at\/index.php?rest_route=\/wp\/v2\/pages\/145\/revisions\/506"}],"wp:attachment":[{"href":"https:\/\/friedensgebet.karmel.at\/index.php?rest_route=%2Fwp%2Fv2%2Fmedia&parent=145"}],"curies":[{"name":"wp","href":"https:\/\/api.w.org\/{rel}","templated":true}]}}