{"id":29,"date":"2023-06-30T09:48:13","date_gmt":"2023-06-30T07:48:13","guid":{"rendered":"https:\/\/edithsteinfriedensgebet.wordpress.com\/?page_id=21"},"modified":"2025-07-20T19:52:24","modified_gmt":"2025-07-20T19:52:24","slug":"gebets-bausteine","status":"publish","type":"page","link":"https:\/\/friedensgebet.karmel.at\/","title":{"rendered":"Friedensgebet f\u00fcr Europa"},"content":{"rendered":"\n<h4 class=\"wp-block-heading\">mit der Hl. Edith Stein <\/h4>\n\n\n\n<div class=\"wp-block-group alignwide is-layout-flow wp-block-group-is-layout-flow\">\n<p>Aufgrund der Kriegssituation in der Ukraine, der sich erneut aufbauenden Spannungen zwischen Ost und West und der vielen weltweit ausgetragenen Kriege laden die Edith-Stein-Gesellschaften \u00d6sterreichs und Deutschlands und die Karmeliten in \u00d6sterreich zu einem Gebet f\u00fcr den Frieden ein.<\/p>\n\n\n\n<p>Edith Stein wurde zur Patronin Europas ernannt (zusammen mit Brigitta von Schweden und Katharina von Siena), so nehmen wir besonders sie zur F\u00fcrsprecherin in diesem Anliegen.<\/p>\n\n\n\n<p><strong>Wir laden Sie ein, eine <a href=\"https:\/\/friedensgebet.karmel.at\/?page_id=84\" data-type=\"page\" data-id=\"84\">Friedensnovene f\u00fcr Europa<\/a> zu beten und\/oder am <a href=\"https:\/\/friedensgebet.karmel.at\/?page_id=145\" data-type=\"page\" data-id=\"145\">Edith Stein Fest mit Friedensgebet<\/a> am 9.8.2025 in Wien teilzunehmen (Karmelitenkirche, Silbergasse 35) &#8211; in Pr\u00e4senz oder online.<\/strong><\/p>\n\n\n\n<p>Sie finden hier auch Hilfen zur Gestaltung eines eigenen Friedensgebets oder -Gottesdienstes, etwa am 9. August (dem liturgischem Fest der Heiligen)<\/p>\n<\/div>\n\n\n\n<div class=\"wp-block-group alignwide is-nowrap is-layout-flex wp-container-core-group-is-layout-6c531013 wp-block-group-is-layout-flex\">\n<div class=\"wp-block-columns is-layout-flex wp-container-core-columns-is-layout-28f84493 wp-block-columns-is-layout-flex\">\n<div class=\"wp-block-column is-layout-flow wp-block-column-is-layout-flow\">\n<figure class=\"wp-block-image size-large\"><img loading=\"lazy\" decoding=\"async\" width=\"639\" height=\"853\" src=\"https:\/\/friedensgebet.karmel.at\/wp-content\/uploads\/2023\/06\/globe-3383088_1280-1-edited.jpg?w=639\" alt=\"\" class=\"wp-image-90\" srcset=\"https:\/\/friedensgebet.karmel.at\/wp-content\/uploads\/2023\/06\/globe-3383088_1280-1-edited.jpg 639w, https:\/\/friedensgebet.karmel.at\/wp-content\/uploads\/2023\/06\/globe-3383088_1280-1-edited-225x300.jpg 225w\" sizes=\"auto, (max-width: 639px) 100vw, 639px\" \/><\/figure>\n\n\n\n<h3 class=\"wp-block-heading\"><a href=\"https:\/\/friedensgebet.karmel.at\/?page_id=145\">Friedensgebet und Fest am 9.8.2025 in Wien<\/a><\/h3>\n<\/div>\n\n\n\n<div class=\"wp-block-column is-layout-flow wp-block-column-is-layout-flow\">\n<figure class=\"wp-block-image size-large is-resized\"><img decoding=\"async\" src=\"https:\/\/friedensgebet.karmel.at\/wp-content\/uploads\/2023\/06\/rosarie-bibel-1-edited-1.png?w=262\" alt=\"\" class=\"wp-image-53\" style=\"width:283px;height:378px\"\/><\/figure>\n\n\n\n<h3 class=\"wp-block-heading\"><a href=\"https:\/\/friedensgebet.karmel.at\/?page_id=59\">Liturgische Bausteine<\/a><\/h3>\n\n\n\n<p><\/p>\n<\/div>\n\n\n\n<div class=\"wp-block-column is-layout-flow wp-block-column-is-layout-flow\">\n<figure class=\"wp-block-image size-large is-resized\"><img loading=\"lazy\" decoding=\"async\" width=\"194\" height=\"260\" src=\"https:\/\/friedensgebet.karmel.at\/wp-content\/uploads\/2023\/07\/c5dbcd5f-1d7d-4a1e-87cb-189cb51dd07b-1-edited.jpg\" alt=\"\" class=\"wp-image-143\" style=\"width:280px;height:375px\"\/><\/figure>\n\n\n\n<h3 class=\"wp-block-heading\"><a href=\"https:\/\/friedensgebet.karmel.at\/?page_id=84\">Friedensnovene Online f\u00fcr Europa<\/a><\/h3>\n\n\n\n<p><\/p>\n<\/div>\n\n\n\n<div class=\"wp-block-column is-layout-flow wp-block-column-is-layout-flow\">\n<figure class=\"wp-block-image size-large\"><a href=\"https:\/\/edithsteinfriedensgebet.wordpress.com\/hl-edith-stein\/\"><img decoding=\"async\" src=\"https:\/\/friedensgebet.karmel.at\/wp-content\/uploads\/2023\/06\/237.-edith-en-1938-1-edited-1.jpg\" alt=\"\" class=\"wp-image-56\"\/><\/a><\/figure>\n\n\n\n<h3 class=\"wp-block-heading\"><a href=\"https:\/\/friedensgebet.karmel.at\/?page_id=73\">Hl. Edith Stein<\/a><\/h3>\n\n\n\n<p><\/p>\n<\/div>\n<\/div>\n<\/div>\n\n\n\n<div class=\"wp-block-group alignwide is-layout-flow wp-block-group-is-layout-flow\">\n<h3 class=\"wp-block-heading\"><strong>Friedensgebet auf die F\u00fcrsprache der hl. Edith Stein<\/strong><\/h3>\n\n\n\n<p>Heilige Teresia Benedicta vom Kreuz \u2013 Edith Stein, Patronin unseres Kontinents Europa,<\/p>\n\n\n\n<p>berufen aus dem j\u00fcdischen Volk,<\/p>\n\n\n\n<p>&#8211; hilf uns und allen politisch Verantwortlichen, miteinander in Frieden zu leben und Vers\u00f6hnung zu stiften zwischen V\u00f6lkern und Religionen;<\/p>\n\n\n\n<p><strong>heilige Edith Stein, bitte f\u00fcr uns!<\/strong><\/p>\n\n\n\n<p>begnadet mit der Freiheit des Heiligen Geistes,<\/p>\n\n\n\n<p>&#8211; sei allen nahe, die nach dem Sinn ihres Lebens suchen, nach Wahrheit und Erl\u00f6sung aus aller Unfreiheit<\/p>\n\n\n\n<p><strong>heilige Edith Stein, bitte f\u00fcr uns!<\/strong><\/p>\n\n\n\n<p>vollendet in der Wissenschaft des Kreuzes,<\/p>\n\n\n\n<p>&#8211; begleite uns und alle Menschen in jeder Not des Leibes und der Seele;<\/p>\n\n\n\n<p><strong>heilige Edith Stein, bitte f\u00fcr uns!<\/strong><\/p>\n\n\n\n<p>besorgt um das Schicksal deines Volkes,<\/p>\n\n\n\n<p>&#8211; sei uns Vorbild und Beistand auf dem Weg zu Einheit, gegenseitiger F\u00fcrsorge und Freundschaft der V\u00f6lker Europas &nbsp;und der Welt;<\/p>\n\n\n\n<p><strong>heilige Edith Stein, bitte f\u00fcr uns!<\/strong><\/p>\n\n\n\n<p>Guter Vater im Himmel, wir vertrauen Dir unsere Sorgen und N\u00f6te an, auf die F\u00fcrsprache der heiligen Patronin Europas, Edith Stein, in Christus, unserm Friedensf\u00fcrsten, und in der Einheit mit dem Heiligen Geist. Amen.<\/p>\n\n\n\n<h4 class=\"wp-block-heading\">Livestream &#8211; Friedensgebet am 9. August ab 18 Uhr in Wien<\/h4>\n\n\n\n<figure class=\"wp-block-embed is-type-video is-provider-youtube wp-block-embed-youtube\"><div class=\"wp-block-embed__wrapper\">\n<iframe loading=\"lazy\" title=\"Hl. Messe  und Friedensgebet f\u00fcr Europa mit der Hl. Edith Stein\" width=\"500\" height=\"281\" src=\"https:\/\/www.youtube.com\/embed\/gySX3mWNJ8Y?feature=oembed\" frameborder=\"0\" allow=\"accelerometer; autoplay; clipboard-write; encrypted-media; gyroscope; picture-in-picture; web-share\" referrerpolicy=\"strict-origin-when-cross-origin\" allowfullscreen><\/iframe>\n<\/div><figcaption class=\"wp-element-caption\">Hier k\u00f6nnen Sie live am Friedensgebet in Wien teilnehmen (10.8.2024 ab 16.30 Uhr)<\/figcaption><\/figure>\n\n\n\n<p><em>Friedensgebet von Hildegard Schmitz (2018)<\/em><\/p>\n\n\n\n<div class=\"wp-block-columns is-layout-flex wp-container-core-columns-is-layout-28f84493 wp-block-columns-is-layout-flex\">\n<div class=\"wp-block-column is-layout-flow wp-block-column-is-layout-flow\">\n<div class=\"wp-block-file\"><a id=\"wp-block-file--media-6b91aab4-b375-4e90-8e83-46310e982f74\" href=\"https:\/\/friedensgebet.karmel.at\/wp-content\/uploads\/2023\/07\/friedensgebet-a4-1.pdf\">Friedensgebet A4 PDF<\/a><a href=\"https:\/\/friedensgebet.karmel.at\/wp-content\/uploads\/2023\/07\/friedensgebet-a4-1.pdf\" class=\"wp-block-file__button wp-element-button\" download aria-describedby=\"wp-block-file--media-6b91aab4-b375-4e90-8e83-46310e982f74\">Download<\/a><\/div>\n\n\n\n<div class=\"wp-block-file\"><a id=\"wp-block-file--media-1d73621f-b1f1-479b-9cbf-ca0b785786f8\" href=\"https:\/\/friedensgebet.karmel.at\/wp-content\/uploads\/2023\/07\/friedensgebet-a5.pdf\">Friedensgebet A5 PDF<\/a><a href=\"https:\/\/friedensgebet.karmel.at\/wp-content\/uploads\/2023\/07\/friedensgebet-a5.pdf\" class=\"wp-block-file__button wp-element-button\" download aria-describedby=\"wp-block-file--media-1d73621f-b1f1-479b-9cbf-ca0b785786f8\">Download<\/a><\/div>\n<\/div>\n\n\n\n<div class=\"wp-block-column is-layout-flow wp-block-column-is-layout-flow\">\n<div class=\"wp-block-file\"><a id=\"wp-block-file--media-48ed2e99-7a7c-4c43-8a6e-09851d38530c\" href=\"https:\/\/friedensgebet.karmel.at\/wp-content\/uploads\/2023\/07\/friedensgebet-a4.docx\">Friedensgebet A4 DOC<\/a><a href=\"https:\/\/friedensgebet.karmel.at\/wp-content\/uploads\/2023\/07\/friedensgebet-a4.docx\" class=\"wp-block-file__button wp-element-button\" download aria-describedby=\"wp-block-file--media-48ed2e99-7a7c-4c43-8a6e-09851d38530c\">Download<\/a><\/div>\n\n\n\n<div class=\"wp-block-file\"><a id=\"wp-block-file--media-72c44b96-4a1d-4688-b48c-7cb682f1ddb3\" href=\"https:\/\/friedensgebet.karmel.at\/wp-content\/uploads\/2023\/07\/friedensgebet-a5.docx\">Friedensgebet A5 DOC<\/a><a href=\"https:\/\/friedensgebet.karmel.at\/wp-content\/uploads\/2023\/07\/friedensgebet-a5.docx\" class=\"wp-block-file__button wp-element-button\" download aria-describedby=\"wp-block-file--media-72c44b96-4a1d-4688-b48c-7cb682f1ddb3\">Download<\/a><\/div>\n<\/div>\n<\/div>\n\n\n\n<div data-wp-interactive=\"core\/file\" class=\"wp-block-file\"><object data-wp-bind--hidden=\"!state.hasPdfPreview\" hidden class=\"wp-block-file__embed\" data=\"https:\/\/friedensgebet.karmel.at\/wp-content\/uploads\/2025\/07\/202508-friedensnovene.pdf\" type=\"application\/pdf\" style=\"width:100%;height:600px\" aria-label=\"Embed of 202508 friedensnovene.\"><\/object><a id=\"wp-block-file--media-2fdabd21-a27a-451b-af98-1b0acc99d3ee\" href=\"https:\/\/friedensgebet.karmel.at\/wp-content\/uploads\/2025\/07\/202508-friedensnovene.pdf\">202508 friedensnovene<\/a><a href=\"https:\/\/friedensgebet.karmel.at\/wp-content\/uploads\/2025\/07\/202508-friedensnovene.pdf\" class=\"wp-block-file__button wp-element-button\" download aria-describedby=\"wp-block-file--media-2fdabd21-a27a-451b-af98-1b0acc99d3ee\">Herunterladen<\/a><\/div>\n<\/div>\n\n\n\n<p><style type=\"text\/css\">\n\t#mc_embed_signup{background:#fff; clear:left; font:14px Helvetica,Arial,sans-serif;  width:100%;}<br \/>\n\t\/* Add your own Mailchimp form style overrides in your site stylesheet or in this style block.<br \/>\n\t   We recommend moving this block and the preceding CSS link to the HEAD of your HTML file. *\/<br \/>\n<\/style> <style type=\"text\/css\">\n\t#mc-embedded-subscribe-form input[type=checkbox]{display: inline; width: auto;margin-right: 10px;}<br \/>\n\t#mergeRow-gdpr {margin-top: 20px;}<br \/>\n\t#mergeRow-gdpr fieldset label {font-weight: normal;}<br \/>\n\t#mc-embedded-subscribe-form .mc_fieldset{border:none;min-height: 0px;padding-bottom:0px;}<br \/>\n<\/style><\/p>\n\n\n<div id=\"mc_embed_signup\"><form id=\"mc-embedded-subscribe-form\" class=\"validate\" action=\"https:\/\/karmel.us6.list-manage.com\/subscribe\/post?u=7c9d2aa0ecc1fde64fd44bc67&amp;id=10430a5833\" method=\"post\" name=\"mc-embedded-subscribe-form\" novalidate=\"\" target=\"_blank\">\n<div id=\"mc_embed_signup_scroll\">\n<h3>Melden Sie sich zur Friedensnovene an<\/h3>\n<p>31.7. &#8211; 9.8.\u00a0 zu Ehren der hl. Edith Stein<\/p>\n<div class=\"indicates-required\">\u00a0<\/div>\n<div class=\"mc-field-group\"><label for=\"mce-EMAIL\">eMail Adresse (obligatorisch) <span class=\"asterisk\">*<\/span><br \/><\/label><br \/><input id=\"mce-EMAIL\" class=\"required email\" name=\"EMAIL\" type=\"email\" value=\"\" \/><\/div>\n<div class=\"mc-field-group input-group\"><strong>Ich m\u00f6chte folgende Aussendungen abonnieren:<\/strong>\n<p>&nbsp;<\/p>\n<ul>\n<li><input id=\"mce-group[16777]-16777-2\" name=\"group[16777][256]\" type=\"checkbox\" value=\"256\" \/><label for=\"mce-group[16777]-16777-2\">Infos\/Veranstaltungen der Edith Stein Gesellschaft<\/label><\/li>\n<li><input id=\"mce-group[16777]-16777-0\" name=\"group[16777][128]\" type=\"checkbox\" value=\"128\" \/><label for=\"mce-group[16777]-16777-0\">Friedensgebet\/Novene Hl. Edith Stein<\/label><\/li>\n<li><input id=\"mce-group[16777]-16777-1\" name=\"group[16777][64]\" type=\"checkbox\" value=\"64\" \/><label for=\"mce-group[16777]-16777-1\">Infos zu Karmelveranstaltungen in \u00d6sterreich<\/label><\/li>\n<\/ul>\n<\/div>\n<div class=\"mc-field-group\"><label for=\"mce-AUFMERKS01\">Wie sind Sie auf uns aufmerksam geworden? <\/label><input id=\"mce-AUFMERKS01\" class=\" text\" name=\"AUFMERKS01\" type=\"text\" value=\"\" \/><\/div>\n<div id=\"mergeRow-gdpr\" class=\"mergeRow gdpr-mergeRow content__gdprBlock mc-field-group\">\n<div class=\"content__gdpr\">\u00a0<\/div>\n<div class=\"content__gdprLegal\"><details>\n<summary>Datenschutz<\/summary>\n<p>Die Karmeliten in \u00d6sterreich werden die Informationen, die Sie in diesem Formular angeben, dazu verwenden, mit Ihnen in Kontakt zu bleiben und Ihnen Informationen \u00fcber Internet-Aktivit\u00e4ten wie Exerzitien Online o.\u00e4. zu \u00fcbermitteln &#8211; je nach Ihrer Auswahl im obigen Formular.<\/p>\n<p>Sie k\u00f6nnen Ihre Meinung jederzeit \u00e4ndern, indem Sie auf den Abbestellungs-Link klicken, den Sie in der Fu\u00dfzeile jeder E-Mail, die Sie von uns erhalten, finden k\u00f6nnen, oder indem Sie uns unter online-exerzitien@karmel.at kontaktieren. Wir werden Ihre Informationen mit Sorgfalt und Respekt behandeln. Weitere Informationen zu unseren Datenschutzpraktiken finden Sie auf unserer Website www.karmel.at . Indem Sie unten klicken, erkl\u00e4ren Sie sich damit einverstanden, dass wir Ihre Informationen in \u00dcbereinstimmung mit diesen Bedingungen verarbeiten d\u00fcrfen.<\/p>\n<p>We use Mailchimp as our marketing platform. By clicking below to subscribe, you acknowledge that your information will be transferred to Mailchimp for processing. <a href=\"https:\/\/mailchimp.com\/legal\/terms\" target=\"_blank\" rel=\"noopener\">Learn more about Mailchimp&#8217;s privacy practices here.<\/a><\/p>\n<\/details><\/div>\n<\/div>\n<div id=\"mce-responses\" class=\"clear\">\n<div id=\"mce-error-response\" class=\"response\" style=\"display: none;\">\u00a0<\/div>\n<p><input id=\"mc-embedded-subscribe\" class=\"button\" name=\"subscribe\" type=\"submit\" value=\"Anmelden\" \/><\/p>\n<\/div>\n<p><script type=\"text\/javascript\" src=\"\/\/s3.amazonaws.com\/downloads.mailchimp.com\/js\/mc-validate.js\"><\/script><script type=\"text\/javascript\">(function($) {window.fnames = new Array(); window.ftypes = new Array();fnames[0]='EMAIL';ftypes[0]='email';fnames[1]='FNAME';ftypes[1]='text';fnames[2]='LNAME';ftypes[2]='text';fnames[6]='MMERGE6';ftypes[6]='text';fnames[4]='MMERGE4';ftypes[4]='text';fnames[3]='MMERGE3';ftypes[3]='text';fnames[5]='MMERGE5';ftypes[5]='radio';fnames[7]='MMERGE7';ftypes[7]='text'; \/*<br \/>\n * Translated default messages for the $ validation plugin.<br \/>\n * Locale: DE<br \/>\n *\/<br \/>\n$.extend($.validator.messages, {<br \/>\n\trequired: \"Dieses Feld ist ein Pflichtfeld.\",<br \/>\n\tmaxlength: $.validator.format(\"Geben Sie bitte maximal {0} Zeichen ein.\"),<br \/>\n\tminlength: $.validator.format(\"Geben Sie bitte mindestens {0} Zeichen ein.\"),<br \/>\n\trangelength: $.validator.format(\"Geben Sie bitte mindestens {0} und maximal {1} Zeichen ein.\"),<br \/>\n\temail: \"Geben Sie bitte eine g\u00fcltige E-Mail Adresse ein.\",<br \/>\n\turl: \"Geben Sie bitte eine g\u00fcltige URL ein.\",<br \/>\n\tdate: \"Bitte geben Sie ein g\u00fcltiges Datum ein.\",<br \/>\n\tnumber: \"Geben Sie bitte eine Nummer ein.\",<br \/>\n\tdigits: \"Geben Sie bitte nur Ziffern ein.\",<br \/>\n\tequalTo: \"Bitte denselben Wert wiederholen.\",<br \/>\n\trange: $.validator.format(\"Geben Sie bitten einen Wert zwischen {0} und {1}.\"),<br \/>\n\tmax: $.validator.format(\"Geben Sie bitte einen Wert kleiner oder gleich {0} ein.\"),<br \/>\n\tmin: $.validator.format(\"Geben Sie bitte einen Wert gr\u00f6\u00dfer oder gleich {0} ein.\"),<br \/>\n\tcreditcard: \"Geben Sie bitte ein g\u00fcltige Kreditkarten-Nummer ein.\"<br \/>\n});}(jQuery));var $mcj = jQuery.noConflict(true);<\/script><\/p>\n<\/div>\n<\/form><\/div>","protected":false},"excerpt":{"rendered":"<p>mit der Hl. Edith Stein Aufgrund der Kriegssituation in der Ukraine, der sich erneut aufbauenden Spannungen zwischen Ost und West und der vielen weltweit ausgetragenen Kriege laden die Edith-Stein-Gesellschaften \u00d6sterreichs und Deutschlands und die Karmeliten in \u00d6sterreich zu einem Gebet f\u00fcr den Frieden ein. Edith Stein wurde zur Patronin Europas ernannt (zusammen mit Brigitta von [&hellip;]<\/p>\n","protected":false},"author":2,"featured_media":12,"parent":0,"menu_order":0,"comment_status":"closed","ping_status":"closed","template":"","meta":{"footnotes":""},"class_list":["post-29","page","type-page","status-publish","has-post-thumbnail","hentry"],"_links":{"self":[{"href":"https:\/\/friedensgebet.karmel.at\/index.php?rest_route=\/wp\/v2\/pages\/29","targetHints":{"allow":["GET"]}}],"collection":[{"href":"https:\/\/friedensgebet.karmel.at\/index.php?rest_route=\/wp\/v2\/pages"}],"about":[{"href":"https:\/\/friedensgebet.karmel.at\/index.php?rest_route=\/wp\/v2\/types\/page"}],"author":[{"embeddable":true,"href":"https:\/\/friedensgebet.karmel.at\/index.php?rest_route=\/wp\/v2\/users\/2"}],"replies":[{"embeddable":true,"href":"https:\/\/friedensgebet.karmel.at\/index.php?rest_route=%2Fwp%2Fv2%2Fcomments&post=29"}],"version-history":[{"count":40,"href":"https:\/\/friedensgebet.karmel.at\/index.php?rest_route=\/wp\/v2\/pages\/29\/revisions"}],"predecessor-version":[{"id":510,"href":"https:\/\/friedensgebet.karmel.at\/index.php?rest_route=\/wp\/v2\/pages\/29\/revisions\/510"}],"wp:featuredmedia":[{"embeddable":true,"href":"https:\/\/friedensgebet.karmel.at\/index.php?rest_route=\/wp\/v2\/media\/12"}],"wp:attachment":[{"href":"https:\/\/friedensgebet.karmel.at\/index.php?rest_route=%2Fwp%2Fv2%2Fmedia&parent=29"}],"curies":[{"name":"wp","href":"https:\/\/api.w.org\/{rel}","templated":true}]}}