{"id":321,"date":"2023-07-03T17:23:16","date_gmt":"2023-07-03T15:23:16","guid":{"rendered":"https:\/\/edithsteinfriedensgebet.wordpress.com\/?page_id=321"},"modified":"2023-07-03T17:23:16","modified_gmt":"2023-07-03T15:23:16","slug":"andacht-auf-fursprache-der-hl-teresia-benedicta-vom-kreuz-edith-steinpatronin-europas","status":"publish","type":"page","link":"https:\/\/friedensgebet.karmel.at\/?page_id=321","title":{"rendered":"Andacht auf F\u00fcrsprache der hl. Teresia Benedicta vom Kreuz &#8211; Edith Stein"},"content":{"rendered":"\n<div class=\"wp-block-columns is-layout-flex wp-container-core-columns-is-layout-28f84493 wp-block-columns-is-layout-flex\">\n<div class=\"wp-block-column is-layout-flow wp-block-column-is-layout-flow\">\n<p>als PDF<\/p>\n\n\n\n<div class=\"wp-block-file\"><a id=\"wp-block-file--media-2f64d183-4ab6-476a-9cf8-c16760bfe6d3\" href=\"https:\/\/friedensgebet.karmel.at\/wp-content\/uploads\/2023\/07\/vorlage-andacht-1.pdf\">Vorlage-Andacht<\/a><a href=\"https:\/\/friedensgebet.karmel.at\/wp-content\/uploads\/2023\/07\/vorlage-andacht-1.pdf\" class=\"wp-block-file__button wp-element-button\" download aria-describedby=\"wp-block-file--media-2f64d183-4ab6-476a-9cf8-c16760bfe6d3\">Download<\/a><\/div>\n<\/div>\n\n\n\n<div class=\"wp-block-column is-layout-flow wp-block-column-is-layout-flow\">\n<p>als Word Doc<\/p>\n\n\n\n<div class=\"wp-block-file\"><a id=\"wp-block-file--media-e87dd0cf-b07c-4446-a311-6ce51bf1595e\" href=\"https:\/\/friedensgebet.karmel.at\/wp-content\/uploads\/2023\/07\/vorlage-andacht-1.docx\">Vorlage-Andacht<\/a><a href=\"https:\/\/friedensgebet.karmel.at\/wp-content\/uploads\/2023\/07\/vorlage-andacht-1.docx\" class=\"wp-block-file__button wp-element-button\" download aria-describedby=\"wp-block-file--media-e87dd0cf-b07c-4446-a311-6ce51bf1595e\">Download<\/a><\/div>\n<\/div>\n<\/div>\n\n\n\n<h2 class=\"wp-block-heading\">Gebet f\u00fcr den Frieden in Europa<br>Andacht auf F\u00fcrsprache der hl. Teresia Benedicta vom Kreuz &#8211; Edith Stein<br>Patronin Europas<\/h2>\n\n\n\n<p><em>Die Texte sind lediglich Vorschl\u00e4ge zur eigenen Verwendung\/Anpassung<\/em><\/p>\n\n\n\n<p><a href=\"http:\/\/www.friedensgebet.karmel.at\">www.friedensgebet.karmel.at<\/a><\/p>\n\n\n\n<p><em>Eine Initiative der<br>Edith Stein Gesellschaften \u00d6sterreich und Deutschland, sowie der Karmeliten in \u00d6sterreich<\/em><\/p>\n\n\n\n<p>Begr\u00fc\u00dfung und Einf\u00fchrung<\/p>\n\n\n\n<p>Priester\/Diakon\/Lektorin 1<\/p>\n\n\n\n<p>Aufgrund der Kriegssituation in der Ukraine, der sich erneut aufbauenden Spannungen zwischen Ost und West und der vielen weltweit ausgetragenen Kriege haben die Edith- Stein-Gesellschaften Europas und die Karmeliten in \u00d6sterreich zu einem Gebet f\u00fcr den Frieden eingeladen.<\/p>\n\n\n\n<p>Beginnen wir unser Gebet f\u00fcr den Frieden in Europa:<\/p>\n\n\n\n<p>Im Namen des Vaters und des Sohnes und des Heiligen Geistes.<\/p>\n\n\n\n<p>A: Amen<\/p>\n\n\n\n<p>L 2<\/p>\n\n\n\n<p>&#8216;s ist Krieg! s\u00b4 ist Krieg! O Gottes Engel wehre, Und rede du darein!<\/p>\n\n\n\n<p>&#8216;s ist leider Krieg &#8211; und ich begehre Nicht schuld daran zu sein!<\/p>\n\n\n\n<p>L 1<\/p>\n\n\n\n<p>Mit diesen Versen von Matthias Claudius beginnen wir unser Gebet f\u00fcr den Frieden. Wir w\u00e4hnten uns so sicher in den letzten Jahrzehnten.<\/p>\n\n\n\n<p>Und dann diese Meldungen:<\/p>\n\n\n\n<p>Besetzung der Krim durch Russland.<\/p>\n\n\n\n<p>Krieg in der Ost-Ukraine.<\/p>\n\n\n\n<p>Abschuss eines Passagierflugzeugs.<\/p>\n\n\n\n<p>Terroranschlag in Paris.<\/p>\n\n\n\n<p>Terroranschlag in D\u00e4nemark.<\/p>\n\n\n\n<p>Der grauenvolle IS-Terror im Nahen Osten und in L\u00e4ndern Afrikas;<\/p>\n\n\n\n<p>die Rekrutierung junger Menschen f\u00fcr den IS in den westeurop\u00e4ischen L\u00e4ndern.<\/p>\n\n\n\n<p>Das Fl\u00fcchtlingsdrama im Mittelmeer.<\/p>\n\n\n\n<p>Kriege auf unserem Boden.<\/p>\n\n\n\n<p>Kriege in Europa. Weiterhin Krieg in der Ukraine.<\/p>\n\n\n\n<p><a>Besinnung<\/a><\/p>\n\n\n\n<p>L 2<\/p>\n\n\n\n<p>Wie reagieren wir auf diese Nachrichten?<\/p>\n\n\n\n<p>Kommen alte \u00c4ngste auf, besonders bei denen, die Krieg, Vertreibung, Flucht, Besatzung erlebt haben? (Stille)<\/p>\n\n\n\n<p>F\u00fchlen wir mit den Opfern? (Stille)<\/p>\n\n\n\n<p>Mit den T\u00e4tern? (Stille)<\/p>\n\n\n\n<p>Fragen wir uns &#8211; wie Matthias Claudius: Was ist unser Anteil? (Stille)<\/p>\n\n\n\n<p>Was ist mein Anteil? (Stille)<\/p>\n\n\n\n<p>Frage ich mich: In welchem Unfrieden, in welchem Krieg befinde ich mich?<\/p>\n\n\n\n<p>Stille<\/p>\n\n\n\n<p>L 1: Aufforderung an die Anwesenden zum Lesen\/Rufen jeweils einer Zeile (aus &#8220;Zerst\u00f6rung&#8221; von Angela Krumpen)<\/p>\n\n\n\n<p>Ich bin Kain und t\u00f6te Abel.<\/p>\n\n\n\n<p><em>Ich bin Abel und mein Bruder erkennt mich nicht.<\/em><\/p>\n\n\n\n<p><em>Ich bin ein Soldat im Krieg und erkenne meinen Bruder nicht.<\/em><\/p>\n\n\n\n<p><em>Ich bin ein Alliierter. Ich muss verhindern, dass der Bruder den Bruder nicht erkennt.<\/em><\/p>\n\n\n\n<p><em>Ich bin Abel und mein Bruder erkennt mich nicht.<\/em><\/p>\n\n\n\n<p>Ich bin Kain und erkenne meinen Bruder nicht.<\/p>\n\n\n\n<p>Ich bin das Fremde. Bruder und Schwester erkennen mich nicht.<\/p>\n\n\n\n<p>Ich bin nicht gemeint. Ich bringe keinen um. Ich halte mich aus allem raus.<\/p>\n\n\n\n<p>Ich bin der Gerechte &#8211; und falle 77mal am Tag.<\/p>\n\n\n\n<p>Ich bin der Mensch guten Willens. Ich merke nicht, dass ich Schaden zuf\u00fcge.<\/p>\n\n\n\n<p>L 1: Ohnm\u00e4chtig stehen wir hier. Doch wir wissen, dass wir nicht ohne Hoffnung sind. Wir wissen, dass Christus unter ist. So wollen wir ihn, unseren Herrn, anrufen:<\/p>\n\n\n\n<p>L 2: Lasst uns gemeinsam beten:<\/p>\n\n\n\n<p>A:&nbsp; Herr.<\/p>\n\n\n\n<p>Du kennst unser Elend:<\/p>\n\n\n\n<p>Wir reden miteinander und verstehen uns nicht.<\/p>\n\n\n\n<p>Wir schlie\u00dfen Vertr\u00e4ge und vertragen uns nicht.<\/p>\n\n\n\n<p>Wir sprechen vom Frieden und r\u00fcsten zum Krieg.<\/p>\n\n\n\n<p>Zeig uns einen Ausweg.<\/p>\n\n\n\n<p>Sende deinen Geist,<\/p>\n\n\n\n<p>damit er den Kreis des B\u00f6sen durchbricht und das Angesicht der Erde erneuert.<\/p>\n\n\n\n<p>Darum bitten wir durch Jesus Christus, unsern Bruder und Herrn.<\/p>\n\n\n\n<p>Amen.<\/p>\n\n\n\n<p>Bitte um Vergebung<\/p>\n\n\n\n<p>Lied GL 437 Meine engen Grenzen (oder<\/p>\n\n\n\n<p>L 1 Herr Jesus, du bist unser Friede.<\/p>\n\n\n\n<p>Alle Kyrie eleison.<\/p>\n\n\n\n<p>L 1 Du f\u00fchrst zusammen, was getrennt ist.<\/p>\n\n\n\n<p>Alle Christe eleison.<\/p>\n\n\n\n<p>L 1 Du schaffst einen neuen Himmel und eine neue Erde.<\/p>\n\n\n\n<p>Alle Kyrie eleison.)<\/p>\n\n\n\n<p>L 2<\/p>\n\n\n\n<p>(Heute am 9. August feiern wir das Fest der hl. Teresia Benedicta vom Kreuz) &#8211; Edith Stein. Am 9. August 1942 wurde sie in einer Gaskammer des Vernichtungslagers Auschwitz- Birkenau ermordet.<\/p>\n\n\n\n<p>L 1<\/p>\n\n\n\n<p>Edith Stein wurde am 12. Oktober 1891 in Breslau geboren, als Tochter j\u00fcdischer Eltern. Der 12. Oktober war in jenem Jahr der h\u00f6chste j\u00fcdische Festtag Yom Kippur , der Vers\u00f6hnungstag.<\/p>\n\n\n\n<p>Im Alter von 31 Jahren fand Edith Stein zum christlich-katholischen Glauben und lie\u00df sich in der Kirche von Bad Bergzabern in der Pfalz taufen.<\/p>\n\n\n\n<p>Es war ihr innerstes Verlangen, in der Nachfolge Jesu auf dem Weg der Hingabe, Liebe und Vers\u00f6hnung zu leben .<\/p>\n\n\n\n<p>Als in der Zeit des Nationalsozialismus Juden in unvorstellbarem Ausma\u00df verfolgt und get\u00f6tet wurden, als Deutschland die Welt mit einem vernichtenden Krieg \u00fcberzog, als so viele unseres Volkes zu T\u00e4tern wurden, da trat sie vor Gott hin wie im Alten Testament die K\u00f6nigin Esther, um Gott zu bitten und ihr Leben anzubieten f\u00fcr die Rettung Deutschlands und den Frieden der Welt.<\/p>\n\n\n\n<p><a>Schriftlesung<\/a><\/p>\n\n\n\n<p>L 2&nbsp;&nbsp;&nbsp;&nbsp;&nbsp;&nbsp;&nbsp;&nbsp;&nbsp;&nbsp;&nbsp;&nbsp;&nbsp;&nbsp;&nbsp;&nbsp;&nbsp;&nbsp;&nbsp;&nbsp;&nbsp;&nbsp;&nbsp;&nbsp;&nbsp;&nbsp;&nbsp;&nbsp;&nbsp;&nbsp;&nbsp;&nbsp;&nbsp;&nbsp;&nbsp;&nbsp;&nbsp;&nbsp;&nbsp;&nbsp;&nbsp;&nbsp;&nbsp;&nbsp;&nbsp;&nbsp;&nbsp;&nbsp;&nbsp;&nbsp;&nbsp;&nbsp;&nbsp;&nbsp;&nbsp;&nbsp;&nbsp;&nbsp;&nbsp; &nbsp;&nbsp;&nbsp;&nbsp; Est&nbsp;&nbsp;&nbsp;&nbsp;&nbsp;&nbsp;&nbsp;&nbsp;&nbsp;&nbsp;&nbsp;&nbsp;&nbsp;&nbsp;&nbsp;&nbsp;&nbsp;&nbsp;&nbsp;&nbsp;&nbsp;&nbsp;&nbsp;&nbsp;&nbsp;&nbsp;&nbsp;&nbsp;&nbsp;&nbsp;&nbsp;&nbsp;&nbsp;&nbsp;&nbsp;&nbsp;&nbsp;&nbsp;&nbsp;&nbsp;&nbsp;&nbsp;&nbsp;&nbsp;&nbsp;&nbsp;&nbsp;&nbsp;&nbsp;&nbsp;&nbsp;&nbsp;&nbsp;&nbsp;&nbsp;&nbsp;&nbsp;&nbsp;&nbsp; 4,17 k-m, r-t<\/p>\n\n\n\n<p>Auch die K\u00f6nigin Esther wurde von Todesangst ergriffen und suchte Zuflucht beim Herrn. Sie legte ihre pr\u00e4chtigen Gew\u00e4nder ab und zog die Kleider der Notzeit und Trauer an. Sie betete zum Herrn, dem Gott Israels:<\/p>\n\n\n\n<p>Herr, unser K\u00f6nig, du bist der Einzige. Hilf mir! Denn ich bin allein und habe keinen Helfer au\u00dfer dir; die Gefahr steht greifbar vor mir.<\/p>\n\n\n\n<p>Von Kindheit an habe ich in meiner Familie und in meinem Stamm geh\u00f6rt, dass du, Herr, Israel aus allen V\u00f6lkern erw\u00e4hlt hast; du hast dir unsere V\u00e4ter aus allen ihren Vorfahren als deinen ewigen Erbbesitz ausgesucht und hast an ihnen gehandelt, wie du es versprochen hattest.<\/p>\n\n\n\n<p>Denk an uns, Herr! Offenbare dich in der Zeit unserer Not, und gib mir Mut, K\u00f6nig der G\u00f6tter und Herrscher \u00fcber alle M\u00e4chte!<\/p>\n\n\n\n<p>Leg mir in Gegenwart des L\u00f6wen die passenden Worte in den Mund, und stimm sein Herz um, damit er unseren Feind hasst und ihn und seine Gesinnungsgenossen vernichtet.<\/p>\n\n\n\n<p>Uns aber rette mit deiner Hand! Hilf mir, denn ich bin allein und habe niemanden au\u00dfer dir, o Herr!<\/p>\n\n\n\n<p>Lied GL 210 Das Weizenkorn muss sterben<\/p>\n\n\n\n<p>L 1<\/p>\n\n\n\n<p>Im Juli 1942 wurde in den katholischen Kirchen der vom Deutschen Reich besetzten Niederlande ein Protest-Hirtenbrief gegen die Verbrechen der Nationalsozialisten verlesen. Als Reaktion darauf lie\u00df die GESTAPO alle Katholiken j\u00fcdischer Herkunft in den Niederlanden verhaften. Edith Stein, die 1938 von K\u00f6ln aus in die Niederlande gefl\u00fcchtet war, wurde mit vielen anderen verhaftet, nach Auschwitz deportiert und in einer Gaskammer in Auschwitz-Birkenau am 9. August 1942 ermordet.<\/p>\n\n\n\n<p>L 2<\/p>\n\n\n\n<p>Aus dem heiligen Evangelium nach Matth\u00e4us (Mt 5,1 &#8211; 12a)<\/p>\n\n\n\n<p>In jener Zeit, als Jesus die vielen Menschen sah, die ihm folgten, stieg er auf einen Berg. Er setzte sich, und seine J\u00fcnger traten zu ihm. Dann begann er zu reden und lehrte sie. Er sagte:<\/p>\n\n\n\n<p>Selig die arm sind vor Gott; denn ihnen geh\u00f6rt das Himmelreich.<\/p>\n\n\n\n<p>Selig die Trauernden; denn sie werden getr\u00f6stet werden.<\/p>\n\n\n\n<p>Selig, die keine Gewalt anwenden; denn sie werden das Land erben.<\/p>\n\n\n\n<p>Selig, die hungern und d\u00fcrsten nach der Gerechtigkeit; denn sie werden satt werden.<\/p>\n\n\n\n<p>Selig, die Barmherzigen; denn sie werden Erbarmen finden.<\/p>\n\n\n\n<p>Selig, die ein reines Herz haben; denn sie werden Gott schauen.<\/p>\n\n\n\n<p>Selig, die Frieden stiften, denn sie werden Kinder Gottes genannt werden.<\/p>\n\n\n\n<p>Selig, die um der Gerechtigkeit willen verfolgt werden; denn ihnen geh\u00f6rt das Himmelreich.<\/p>\n\n\n\n<p>Selig seid ihr, wenn ihr um meinetwillen beschimpft und verfolgt und auf alle m\u00f6gliche Weise verleumdet werdet. Freut euch und jubelt: Euer Lohn im Himmel wird gro\u00df sein.<\/p>\n\n\n\n<p>Lied GL 458\/459 Selig seid ihr<\/p>\n\n\n\n<p>L 1<\/p>\n\n\n\n<p>Im Blick auf ein Rettungsangebot sagte Edith Stein: &#8220;Warum soll ich eine Ausnahme erfahren? Wenn ich nicht das Los meiner Schwestern und Br\u00fcder teilen darf, ist mein Leben wie zerst\u00f6rt.&#8221;<\/p>\n\n\n\n<p>Zu ihrer leiblichen Schwester Rosa, die mit ihr verhaftet und schlie\u00dflich in Auschwitz ermordet wurde, sagte sie: &#8220;Komm, wir gehen f\u00fcr unser Volk!&#8221;<\/p>\n\n\n\n<p>1987 wurde die hl. Teresia Benedicta vom Kreuz &#8211; Edith Stein in K\u00f6ln selig gesprochen, 1998 in Rom heilig gesprochen und 1999 zur Patronin Europas erhoben.<\/p>\n\n\n\n<p>Lied \/ Kanon Schweige und h\u00f6re<\/p>\n\n\n\n<p>L 2<\/p>\n\n\n\n<p>Wir bitten unsere Patronin Europas um ihren Beistand, um ihre F\u00fcrbitte bei Gott f\u00fcr den Frieden in Europa und in der Welt:<\/p>\n\n\n\n<p><a>Litanei zur hl. Edith Stein &#8211; Teresia Benedicta vom Kreuz<\/a><\/p>\n\n\n\n<p><em>Herr, erbarme dich unser Christus, erbarme dich unser Herr, erbarme dich unser.<\/em><\/p>\n\n\n\n<p><em>Christus, h\u00f6re uns Christus, erh\u00f6re uns.<\/em><\/p>\n\n\n\n<figure class=\"wp-block-table is-style-regular\"><table style=\"border-style:none;border-width:0px\"><tbody><tr><td>Gott Vater im Himmel<\/td><td><em>erbarme dich unser.<\/em><\/td><\/tr><\/tbody><\/table><\/figure>\n\n\n\n<figure class=\"wp-block-table\"><table style=\"border-style:none;border-width:0px\"><tbody><tr><td>Gott Sohn, Erl\u00f6ser der Welt,<\/td><td>erbarme dich unser<\/td><\/tr><tr><td>Gott Heiliger Geist<\/td><td>erbarme dich unser.<\/td><\/tr><tr><td>Heilige Maria, Mutter Gottes,<\/td><td>bitte f\u00fcr uns.<\/td><\/tr><tr><td>Heilige Maria, du K\u00f6nigin des Friedens,<\/td><td>bitte f\u00fcr uns.<\/td><\/tr><tr><td>Heilige Edith Stein,<\/td><td>&nbsp;<\/td><\/tr><tr><td>du leidenschaftliche Sucherin nach Sinn und Wahrheit,<\/td><td>bitte f\u00fcr uns<\/td><\/tr><tr><td>du Helferin in seelischer und materieller Not,<\/td><td>bitte f\u00fcr uns<\/td><\/tr><tr><td>du Verehrerin des heiligen Kreuzes,<\/td><td>bitte f\u00fcr uns<\/td><\/tr><tr><td>du vom Kreuz Gesegnete,<\/td><td>bitte f\u00fcr uns<\/td><\/tr><tr><td>du Vorbild der Demut,<\/td><td>bitte f\u00fcr uns<\/td><\/tr><tr><td>du gro\u00dfe Gott-Sucherin,<\/td><td>bitte f\u00fcr uns<\/td><\/tr><tr><td>du gro\u00dfe Beterin,<\/td><td>bitte f\u00fcr uns<\/td><\/tr><tr><td>du herausragende Tochter Israels,<\/td><td>bitte f\u00fcr uns<\/td><\/tr><tr><td>du Heilige unserer Kirche und des Karmel, du geistige Tochter der hl. Teresa v. Avila und des<\/td><td>bitte f\u00fcr uns<\/td><\/tr><tr><td>hl. Johannes vom Kreuz,<\/td><td>bitte f\u00fcr uns<\/td><\/tr><tr><td>du gelehrige Sch\u00fclerin des hl. Benedikt,<\/td><td>bitte f\u00fcr uns<\/td><\/tr><tr><td>du Vorbild der Liebe und des Friedens,<\/td><td>bitte f\u00fcr uns<\/td><\/tr><tr><td>du Tr\u00f6sterin der Betr\u00fcbten und der Verzweifelten,<\/td><td>bitte f\u00fcr uns<\/td><\/tr><tr><td>du einf\u00fchlsame Vermittlerin des christlichen Glaubens,<\/td><td>bitte f\u00fcr uns<\/td><\/tr><tr><td>du Vorbild der Ganz-Hingabe,<\/td><td>bitte f\u00fcr uns<\/td><\/tr><tr><td>du ganz in Gott Versunkene,<\/td><td>bitte f\u00fcr uns<\/td><\/tr><tr><td>du M\u00e4rtyrin von Auschwitz,<\/td><td>bitte f\u00fcr uns<\/td><\/tr><tr><td>du Zeichen der Vers\u00f6hnung,<\/td><td>bitte f\u00fcr uns<\/td><\/tr><tr><td>du Beterin f\u00fcr den Frieden,<\/td><td>bitte f\u00fcr uns<\/td><\/tr><tr><td>du unsere F\u00fcrsprecherin,<\/td><td>bitte f\u00fcr uns<\/td><\/tr><tr><td>du Schutzpatronin Europas,<\/td><td>bitte f\u00fcr uns<\/td><\/tr><\/tbody><\/table><\/figure>\n\n\n\n<p>Lamm Gottes, du nimmst hinweg die S\u00fcnde der Welt, verschone uns, o Herr.<\/p>\n\n\n\n<p>Lamm Gottes, du nimmst hinweg die S\u00fcnde der Welt, erh\u00f6re uns, o Herr.<\/p>\n\n\n\n<p>Lamm Gottes, du nimmst hinweg die S\u00fcnde der Welt, erbarme dich unser, o Herr.<\/p>\n\n\n\n<p>Bitte f\u00fcr uns, heilige Teresia Benedicta vom Kreuz, auf dass wir w\u00fcrdig werden der Verhei\u00dfungen Christi.<\/p>\n\n\n\n<p>Lasset uns beten:<\/p>\n\n\n\n<p>Gott unserer V\u00e4ter,<\/p>\n\n\n\n<p>du hast die heilige M\u00e4rtyrin Teresia Benedicta vom Kreuz &#8211; Edith Stein zur Erkenntnis deines gekreuzigten Sohnes gef\u00fchrt und in seine Nachfolge bis zum Tod gerufen.<\/p>\n\n\n\n<p>Sie hat dir die Annahme ihres Lebens angeboten f\u00fcr den Frieden in der Welt. Lass uns auf ihre F\u00fcrsprache Wege suchen und Schritte tun, die zum Frieden im eigenen Herzen,<\/p>\n\n\n\n<p>zum Frieden mit unseren N\u00e4chsten<\/p>\n\n\n\n<p>und zum Frieden zwischen den V\u00f6lkern und Religionen f\u00fchren.<\/p>\n\n\n\n<p>Darum bitten wir auf die F\u00fcrsprache der hl. Teresia Benedicta vom Kreuz durch Christus, unsern Herrn. Amen.<\/p>\n\n\n\n<p>Lied GL 472 Manchmal feiern wir mitten am Tag<\/p>\n\n\n\n<p>F\u00fcrbitten (aus der Gemeinde)<\/p>\n\n\n\n<p>(Bei jeder F\u00fcrbitte kann eine Kerze entz\u00fcndet werden.)<\/p>\n\n\n\n<ol class=\"wp-block-list\" type=\"1\">\n<li>Wir beten f\u00fcr die Menschen in der Ukraine, in den Kriegsgebieten in Nahost und weltweit, f\u00fcr alle M\u00e4nner, Frauen und Kinder, die in Angst und Furcht vor Gewalt und Terror leben m\u00fcssen, f\u00fcr alle, die verwundet oder get\u00f6tet werden.<\/li>\n<\/ol>\n\n\n\n<p>V: Erh\u00f6r, o Gott, mein Flehen,&nbsp;&nbsp;&nbsp;&nbsp;&nbsp;&nbsp;&nbsp;&nbsp;&nbsp;&nbsp;&nbsp;&nbsp;&nbsp;&nbsp;&nbsp;&nbsp;&nbsp;&nbsp;&nbsp;&nbsp;&nbsp;&nbsp;&nbsp;&nbsp;&nbsp;&nbsp;&nbsp;&nbsp;&nbsp;&nbsp;&nbsp;&nbsp;&nbsp;&nbsp; A: hab auf mein Beten Acht.<\/p>\n\n\n\n<p>(gesungen: Lied GL 439 Kantor \/ Wiederholung Alle)<\/p>\n\n\n\n<ul class=\"wp-block-list\">\n<li>Wir beten f\u00fcr alle, die nur in milit\u00e4rischer St\u00e4rke und in Waffen eine L\u00f6sung sehen, f\u00fcr alle, die ohne Bedenken Gewalt anwenden &#8211; und f\u00fcr die vielen, die friedliche Mittel und Wege suchen, um Konflikte zu l\u00f6sen.<\/li>\n<\/ul>\n\n\n\n<p>V: Erh\u00f6r, o Gott, mein Flehen,&nbsp;&nbsp;&nbsp;&nbsp;&nbsp;&nbsp;&nbsp;&nbsp;&nbsp;&nbsp;&nbsp;&nbsp;&nbsp;&nbsp;&nbsp;&nbsp;&nbsp;&nbsp;&nbsp;&nbsp;&nbsp;&nbsp;&nbsp;&nbsp;&nbsp;&nbsp;&nbsp;&nbsp;&nbsp;&nbsp;&nbsp;&nbsp;&nbsp;&nbsp; A: hab auf mein Beten Acht.<\/p>\n\n\n\n<ul class=\"wp-block-list\">\n<li>Wir beten f\u00fcr alle Menschen, die auf der Flucht sind, f\u00fcr alle, die keine Heimat mehr haben, f\u00fcr die vielen, die bei uns in Europa Zuflucht und menschliche Aufnahme suchen. Beten wir auch f\u00fcr alle, die Fl\u00fcchtlinge und Heimatlose begleiten, sie unterst\u00fctzen und ihnen ein St\u00fcck neue Heimat schenken.<\/li>\n<\/ul>\n\n\n\n<p>V: Erh\u00f6r, o Gott, mein Flehen,&nbsp;&nbsp;&nbsp;&nbsp;&nbsp;&nbsp;&nbsp;&nbsp;&nbsp;&nbsp;&nbsp;&nbsp;&nbsp;&nbsp;&nbsp;&nbsp;&nbsp;&nbsp;&nbsp;&nbsp;&nbsp;&nbsp;&nbsp;&nbsp;&nbsp;&nbsp;&nbsp;&nbsp;&nbsp;&nbsp;&nbsp;&nbsp;&nbsp;&nbsp; A: hab auf mein Beten Acht.<\/p>\n\n\n\n<ul class=\"wp-block-list\">\n<li>Wir beten f\u00fcr die Politikerinnen und Politiker in Ost und West, dass sie die W\u00fcrde, Freiheit und Selbstbestimmung der Menschen ihrer eigenen L\u00e4nder und aller anderen Staaten achten, dass sie f\u00fcr das Wohl aller Menschen in Europa Wege des Ausgleichs, der Entspannung und des Friedens suchen und gehen.<\/li>\n<\/ul>\n\n\n\n<p>V: Erh\u00f6r, o Gott, mein Flehen,&nbsp;&nbsp;&nbsp;&nbsp;&nbsp;&nbsp;&nbsp;&nbsp;&nbsp;&nbsp;&nbsp;&nbsp;&nbsp;&nbsp;&nbsp;&nbsp;&nbsp;&nbsp;&nbsp;&nbsp;&nbsp;&nbsp;&nbsp;&nbsp;&nbsp;&nbsp;&nbsp;&nbsp;&nbsp;&nbsp;&nbsp;&nbsp;&nbsp;&nbsp; A: hab auf mein Beten Acht.<\/p>\n\n\n\n<ul class=\"wp-block-list\">\n<li>Wir beten f\u00fcr uns selbst, dass wir unsere eigenen Anteile an Konflikten erkennen, im Umgang mit anderen, mit der Sch\u00f6pfung und ihren Ressourcen, in unserer Einstellung und Haltung gegen\u00fcber Menschen anderer Religion, Hautfarbe und Herkunft.<\/li>\n<\/ul>\n\n\n\n<p>V: Erh\u00f6r, o Gott, mein Flehen, A: hab auf mein Beten Acht.<\/p>\n\n\n\n<ul class=\"wp-block-list\">\n<li>Wir beten f\u00fcr alle Opfer, die in den aktuellen Kriegs- und Krisenherden der Welt ihr Leben verloren haben, dass ihre Seele Ruhe findet in dir.<\/li>\n<\/ul>\n\n\n\n<p>V: Erh\u00f6r, o Gott, mein Flehen, A: hab auf mein Beten Acht.<\/p>\n\n\n\n<p>L 1: Hl. Edith Stein, Patronin Europas,<\/p>\n\n\n\n<p>A: bitte f\u00fcr uns.<\/p>\n\n\n\n<p>L 2: Lasset uns beten:<\/p>\n\n\n\n<p>Barmherziger Gott, die hl. Teresia Benedicta vom Kreuz &#8211; Edith Stein hat dir ihr Leben angeboten, f\u00fcr den Frieden der Welt. Schenke auf ihre F\u00fcrsprache den L\u00e4ndern Europas und der ganzen Erde deinen Frieden. Darum bitten wir durch Christus, unseren Bruder und Herrn.<\/p>\n\n\n\n<p>A: Amen.<\/p>\n\n\n\n<p><a>Vater unser<\/a><\/p>\n\n\n\n<p>L 1: Fassen wir unsere Bitten zusammen in dem Gebet, das Jesus Christus selbst uns gelehrt hat:<\/p>\n\n\n\n<p>A: Vater unser im Himmel&#8230;<\/p>\n\n\n\n<p>&#8230; sondern erl\u00f6se uns von dem B\u00f6sen<\/p>\n\n\n\n<p>L 1: Erl\u00f6se uns, Herr, allm\u00e4chtiger Vater, von allem B\u00f6sen und gib Frieden in unseren Tagen.<\/p>\n\n\n\n<p>Komm uns zu Hilfe mit deinem Erbarmen und bewahre uns vor Verwirrung und S\u00fcnde,<\/p>\n\n\n\n<p>damit wir voll Zuversicht das Kommen unseres Erl\u00f6sers Jesus Christus erwarten.<\/p>\n\n\n\n<p>A: Denn dein ist das Reich &#8230;<\/p>\n\n\n\n<p><a>Friedensgebet und Friedensgru\u00df<\/a><\/p>\n\n\n\n<p>L 2:&nbsp; Der Herr hat zu seinen Aposteln gesagt:<\/p>\n\n\n\n<p>Frieden hinterlasse ich euch, meinen Frieden gebe ich euch. Deshalb bitten wir und beten gemeinsam:<\/p>\n\n\n\n<p>Herr, mach mich zu einem Werkzeug deines Friedens, dass ich liebe, wo man hasst; dass ich verzeihe, wo man beleidigt; dass ich verbinde, wo Streit ist; dass ich die Wahrheit sage, wo Irrtum ist; dass ich den Glauben bringe, wo Zweifel droht; dass ich Hoffnung wecke, wo Verzweiflung qu\u00e4lt; dass ich Licht entz\u00fcnde, wo Finsternis regiert; dass ich Freude bringe, wo der Kummer wohnt.<\/p>\n\n\n\n<p>Herr, lass mich trachten,<\/p>\n\n\n\n<p>nicht, dass ich getr\u00f6stet werde, sondern dass ich tr\u00f6ste; nicht, dass ich verstanden werde, sondern dass ich verstehe; nicht, dass ich geliebt werde, sondern dass ich liebe.<\/p>\n\n\n\n<p>Denn wer sich hingibt, der empf\u00e4ngt; wer sich selbst vergisst, der findet; wer verzeiht, dem wird verziehen; und wer stirbt, der erwacht zum ewigen Leben. Amen<\/p>\n\n\n\n<p>L2: Gebt einander nun ein Zeichen des Friedens und der Vers\u00f6hnung.<\/p>\n\n\n\n<p><a>Abschluss und Segen<\/a><\/p>\n\n\n\n<p>L 1:<\/p>\n\n\n\n<p>An Gott Du<\/p>\n\n\n\n<p>der du immer noch nach allem was geschah vers\u00f6hnend deinen Blick nicht von uns<\/p>\n\n\n\n<p>wendest<\/p>\n\n\n\n<p>nach allem<\/p>\n\n\n\n<p>was dein Auge jemals sah dein Licht uns immer noch in unsre Blindheit sendest<\/p>\n\n\n\n<p>und immer noch dein Leuchten uns erhellt dich<\/p>\n\n\n\n<p>den jahrtausendlang<\/p>\n\n\n\n<p>wir \u00fcberall<\/p>\n\n\n\n<p>gesch\u00e4ndet<\/p>\n\n\n\n<p>dass dein Erbarmen<\/p>\n\n\n\n<p>immer noch<\/p>\n\n\n\n<p>mit Liebe f\u00fcllt die Welt<\/p>\n\n\n\n<p>(aus: Waltraud Holzer, Was aber blieb vom Menschensinn)<\/p>\n\n\n\n<p>Schlusssegen<\/p>\n\n\n\n<p>L 2<\/p>\n\n\n\n<p>Der barmherzige Gott segne und beh\u00fcte uns.<\/p>\n\n\n\n<p>Er lasse uns den Weg des Friedens und der Vers\u00f6hnung gehen.<\/p>\n\n\n\n<p>Er sei bei uns, wenn wir den Frieden suchen, und helfe uns, unseren Feinden zu verzeihen.<\/p>\n\n\n\n<p>Er segne uns, wenn wir Streit schlichten und Ungerechtigkeit verhindern wollen.<\/p>\n\n\n\n<p>Er mache uns zum Segen f\u00fcr andere Menschen.<\/p>\n\n\n\n<p>Auf die F\u00fcrsprache der hl. Teresia Benedicta vom Kreuz &#8211; Edith Stein segne und beh\u00fcte uns der liebende Gott, der Vater und der Sohn und der Heilige Geist.<\/p>\n\n\n\n<p>A: Amen.<\/p>\n\n\n\n<p>Gehet hin in Frieden.<\/p>\n\n\n\n<p>A: Dank sei Gott dem Herrn.<\/p>\n\n\n\n<p>Lied GL 452 Der Herr wird dich mit seiner G\u00fcte segnen<\/p>\n","protected":false},"excerpt":{"rendered":"<p>als PDF als Word Doc Gebet f\u00fcr den Frieden in EuropaAndacht auf F\u00fcrsprache der hl. Teresia Benedicta vom Kreuz &#8211; Edith SteinPatronin Europas Die Texte sind lediglich Vorschl\u00e4ge zur eigenen Verwendung\/Anpassung www.friedensgebet.karmel.at Eine Initiative derEdith Stein Gesellschaften \u00d6sterreich und Deutschland, sowie der Karmeliten in \u00d6sterreich Begr\u00fc\u00dfung und Einf\u00fchrung Priester\/Diakon\/Lektorin 1 Aufgrund der Kriegssituation in der [&hellip;]<\/p>\n","protected":false},"author":1,"featured_media":0,"parent":0,"menu_order":0,"comment_status":"closed","ping_status":"closed","template":"","meta":{"footnotes":""},"class_list":["post-321","page","type-page","status-publish","hentry"],"_links":{"self":[{"href":"https:\/\/friedensgebet.karmel.at\/index.php?rest_route=\/wp\/v2\/pages\/321","targetHints":{"allow":["GET"]}}],"collection":[{"href":"https:\/\/friedensgebet.karmel.at\/index.php?rest_route=\/wp\/v2\/pages"}],"about":[{"href":"https:\/\/friedensgebet.karmel.at\/index.php?rest_route=\/wp\/v2\/types\/page"}],"author":[{"embeddable":true,"href":"https:\/\/friedensgebet.karmel.at\/index.php?rest_route=\/wp\/v2\/users\/1"}],"replies":[{"embeddable":true,"href":"https:\/\/friedensgebet.karmel.at\/index.php?rest_route=%2Fwp%2Fv2%2Fcomments&post=321"}],"version-history":[{"count":0,"href":"https:\/\/friedensgebet.karmel.at\/index.php?rest_route=\/wp\/v2\/pages\/321\/revisions"}],"wp:attachment":[{"href":"https:\/\/friedensgebet.karmel.at\/index.php?rest_route=%2Fwp%2Fv2%2Fmedia&parent=321"}],"curies":[{"name":"wp","href":"https:\/\/api.w.org\/{rel}","templated":true}]}}