{"id":59,"date":"2023-06-30T10:55:56","date_gmt":"2023-06-30T08:55:56","guid":{"rendered":"https:\/\/edithsteinfriedensgebet.wordpress.com\/?page_id=58"},"modified":"2023-07-11T17:59:15","modified_gmt":"2023-07-11T17:59:15","slug":"gebetsbausteine","status":"publish","type":"page","link":"https:\/\/friedensgebet.karmel.at\/?page_id=59","title":{"rendered":"Gebetsbausteine"},"content":{"rendered":"\n<p>Gestalten Sie Ihre eigene Andacht oder Messfeier im Anliegen um Frieden mit den Bausteinen, die Sie auf dieser Seite finden. Die Texte eignen sich f\u00fcr ein Friedensgebet am 9. August, sowie an anderen Tagen.<\/p>\n\n\n\n<p>F\u00fchlen Sie sich frei, die Bausteine f\u00fcr Ihrer eigenen Gemeinde\/Gemeinschaft  anzupassen.<\/p>\n\n\n\n<p>Die Texte wurden von Mitgliedern der Edith Stein Gesellschaften \u00d6sterreichs und Deutschlands verfasst, sofern sie nicht liturgischen B\u00fcchern entstammen.<\/p>\n\n\n\n<ul class=\"wp-block-list\">\n<li><a href=\"https:\/\/friedensgebet.karmel.at\/?page_id=314\">Messgestaltung<\/a><\/li>\n\n\n\n<li><a href=\"https:\/\/friedensgebet.karmel.at\/?page_id=321\">Andacht auf F\u00fcrsprache der hl. Teresia Benedicta vom Kreuz \u2013 Edith&nbsp;Stein<\/a><\/li>\n\n\n\n<li><a href=\"https:\/\/friedensgebet.karmel.at\/?page_id=326\">Gebete zur Auswahl<\/a><\/li>\n\n\n\n<li><a href=\"https:\/\/friedensgebet.karmel.at\/?page_id=329\">Texte der hl. Edith Stein zur&nbsp;Auswahl<\/a><\/li>\n\n\n\n<li><a href=\"https:\/\/friedensgebet.karmel.at\/?page_id=334\">Vorschl\u00e4ge f\u00fcr F\u00fcrbitten<\/a><\/li>\n<\/ul>\n\n\n\n<h4 class=\"wp-block-heading\" id=\"dateien-zum-herunterladen\">Dateien zum Herunterladen<\/h4>\n\n\n\n<div class=\"wp-block-columns is-layout-flex wp-container-core-columns-is-layout-28f84493 wp-block-columns-is-layout-flex\">\n<div class=\"wp-block-column is-layout-flow wp-block-column-is-layout-flow\">\n<div class=\"wp-block-file alignright\"><a id=\"wp-block-file--media-6b91aab4-b375-4e90-8e83-46310e982f74\" href=\"https:\/\/friedensgebet.karmel.at\/wp-content\/uploads\/2023\/07\/friedensgebet-a4-1.pdf\">Friedensgebet A4 PDF<\/a><a href=\"https:\/\/friedensgebet.karmel.at\/wp-content\/uploads\/2023\/07\/friedensgebet-a4-1.pdf\" class=\"wp-block-file__button wp-element-button\" download aria-describedby=\"wp-block-file--media-6b91aab4-b375-4e90-8e83-46310e982f74\">Download<\/a><\/div>\n\n\n\n<div class=\"wp-block-file alignright\"><a id=\"wp-block-file--media-1d73621f-b1f1-479b-9cbf-ca0b785786f8\" href=\"https:\/\/friedensgebet.karmel.at\/wp-content\/uploads\/2023\/07\/friedensgebet-a5.pdf\">Friedensgebet A5 PDF<\/a><a href=\"https:\/\/friedensgebet.karmel.at\/wp-content\/uploads\/2023\/07\/friedensgebet-a5.pdf\" class=\"wp-block-file__button wp-element-button\" download aria-describedby=\"wp-block-file--media-1d73621f-b1f1-479b-9cbf-ca0b785786f8\">Download<\/a><\/div>\n<\/div>\n\n\n\n<div class=\"wp-block-column is-layout-flow wp-block-column-is-layout-flow\">\n<div class=\"wp-block-file alignright\"><a id=\"wp-block-file--media-48ed2e99-7a7c-4c43-8a6e-09851d38530c\" href=\"https:\/\/friedensgebet.karmel.at\/wp-content\/uploads\/2023\/07\/friedensgebet-a4.docx\">Friedensgebet A4 DOC<\/a><a href=\"https:\/\/friedensgebet.karmel.at\/wp-content\/uploads\/2023\/07\/friedensgebet-a4.docx\" class=\"wp-block-file__button wp-element-button\" download aria-describedby=\"wp-block-file--media-48ed2e99-7a7c-4c43-8a6e-09851d38530c\">Download<\/a><\/div>\n\n\n\n<div class=\"wp-block-file alignright\"><a id=\"wp-block-file--media-72c44b96-4a1d-4688-b48c-7cb682f1ddb3\" href=\"https:\/\/friedensgebet.karmel.at\/wp-content\/uploads\/2023\/07\/friedensgebet-a5.docx\">Friedensgebet A5 DOC<\/a><a href=\"https:\/\/friedensgebet.karmel.at\/wp-content\/uploads\/2023\/07\/friedensgebet-a5.docx\" class=\"wp-block-file__button wp-element-button\" download aria-describedby=\"wp-block-file--media-72c44b96-4a1d-4688-b48c-7cb682f1ddb3\">Download<\/a><\/div>\n<\/div>\n<\/div>\n\n\n\n<div class=\"wp-block-columns is-layout-flex wp-container-core-columns-is-layout-28f84493 wp-block-columns-is-layout-flex\">\n<div class=\"wp-block-column is-layout-flow wp-block-column-is-layout-flow\">\n<div class=\"wp-block-file alignright\"><a id=\"wp-block-file--media-bd870e7d-fffe-40c3-aa2f-26b0195a60ab\" href=\"https:\/\/friedensgebet.karmel.at\/wp-content\/uploads\/2023\/07\/messgestaltung-a5.pdf\">Messgestaltung (A5)<\/a><a href=\"https:\/\/friedensgebet.karmel.at\/wp-content\/uploads\/2023\/07\/messgestaltung-a5.pdf\" class=\"wp-block-file__button wp-element-button\" download aria-describedby=\"wp-block-file--media-bd870e7d-fffe-40c3-aa2f-26b0195a60ab\">Download<\/a><\/div>\n\n\n\n<div class=\"wp-block-file alignright\"><a id=\"wp-block-file--media-2f64d183-4ab6-476a-9cf8-c16760bfe6d3\" href=\"https:\/\/friedensgebet.karmel.at\/wp-content\/uploads\/2023\/07\/vorlage-andacht-1.pdf\">Vorlage-Andacht<\/a><a href=\"https:\/\/friedensgebet.karmel.at\/wp-content\/uploads\/2023\/07\/vorlage-andacht-1.pdf\" class=\"wp-block-file__button wp-element-button\" download aria-describedby=\"wp-block-file--media-2f64d183-4ab6-476a-9cf8-c16760bfe6d3\">Download<\/a><\/div>\n\n\n\n<div class=\"wp-block-file alignright\"><a id=\"wp-block-file--media-be605662-49f1-4c3b-b96e-44d45b54104b\" href=\"https:\/\/friedensgebet.karmel.at\/wp-content\/uploads\/2023\/07\/gebete-zur-auswahl.pdf\">Gebete zur Auswahl<\/a><a href=\"https:\/\/friedensgebet.karmel.at\/wp-content\/uploads\/2023\/07\/gebete-zur-auswahl.pdf\" class=\"wp-block-file__button wp-element-button\" download aria-describedby=\"wp-block-file--media-be605662-49f1-4c3b-b96e-44d45b54104b\">Download<\/a><\/div>\n\n\n\n<div class=\"wp-block-file alignright\"><a id=\"wp-block-file--media-950e950f-290f-4d64-a318-4e9722a2b45e\" href=\"https:\/\/friedensgebet.karmel.at\/wp-content\/uploads\/2023\/07\/texte-der-hl-edith-stein-1.pdf\">Texte der Hl. Edith Stein<\/a><a href=\"https:\/\/friedensgebet.karmel.at\/wp-content\/uploads\/2023\/07\/texte-der-hl-edith-stein-1.pdf\" class=\"wp-block-file__button wp-element-button\" download aria-describedby=\"wp-block-file--media-950e950f-290f-4d64-a318-4e9722a2b45e\">Download<\/a><\/div>\n\n\n\n<div class=\"wp-block-file alignright\"><a id=\"wp-block-file--media-8a82598a-e134-4890-b216-cc3fc819c96d\" href=\"https:\/\/friedensgebet.karmel.at\/wp-content\/uploads\/2023\/07\/vorschlage-fur-furbitten.pdf\">Vorschlage f\u00fcr F\u00fcrbitten<\/a><a href=\"https:\/\/friedensgebet.karmel.at\/wp-content\/uploads\/2023\/07\/vorschlage-fur-furbitten.pdf\" class=\"wp-block-file__button wp-element-button\" download aria-describedby=\"wp-block-file--media-8a82598a-e134-4890-b216-cc3fc819c96d\">Download<\/a><\/div>\n<\/div>\n\n\n\n<div class=\"wp-block-column is-layout-flow wp-block-column-is-layout-flow\">\n<div class=\"wp-block-file alignright\"><a id=\"wp-block-file--media-821de084-0b75-496d-9596-dd59e5d3152e\" href=\"https:\/\/friedensgebet.karmel.at\/wp-content\/uploads\/2023\/07\/messgestaltung-a5.docx\">Messgestaltung (A5)<\/a><a href=\"https:\/\/friedensgebet.karmel.at\/wp-content\/uploads\/2023\/07\/messgestaltung-a5.docx\" class=\"wp-block-file__button wp-element-button\" download aria-describedby=\"wp-block-file--media-821de084-0b75-496d-9596-dd59e5d3152e\">Download<\/a><\/div>\n\n\n\n<div class=\"wp-block-file alignright\"><a id=\"wp-block-file--media-e87dd0cf-b07c-4446-a311-6ce51bf1595e\" href=\"https:\/\/friedensgebet.karmel.at\/wp-content\/uploads\/2023\/07\/vorlage-andacht-1.docx\">Vorlage-Andacht<\/a><a href=\"https:\/\/friedensgebet.karmel.at\/wp-content\/uploads\/2023\/07\/vorlage-andacht-1.docx\" class=\"wp-block-file__button wp-element-button\" download aria-describedby=\"wp-block-file--media-e87dd0cf-b07c-4446-a311-6ce51bf1595e\">Download<\/a><\/div>\n\n\n\n<div class=\"wp-block-file alignright\"><a id=\"wp-block-file--media-a9eeb0a6-d65a-4f3a-a94f-df66a353f805\" href=\"https:\/\/friedensgebet.karmel.at\/wp-content\/uploads\/2023\/07\/gebete-zur-auswahl-1.docx\">Gebete Zur Auswahl<\/a><a href=\"https:\/\/friedensgebet.karmel.at\/wp-content\/uploads\/2023\/07\/gebete-zur-auswahl-1.docx\" class=\"wp-block-file__button wp-element-button\" download aria-describedby=\"wp-block-file--media-a9eeb0a6-d65a-4f3a-a94f-df66a353f805\">Download<\/a><\/div>\n\n\n\n<div class=\"wp-block-file alignright\"><a id=\"wp-block-file--media-76ce653f-5b85-4f94-be0e-cafa4cf97aa7\" href=\"https:\/\/friedensgebet.karmel.at\/wp-content\/uploads\/2023\/07\/texte-der-hl-edith-steindocx-1.docx\">Texte der Hl. Edith Stein<\/a><a href=\"https:\/\/friedensgebet.karmel.at\/wp-content\/uploads\/2023\/07\/texte-der-hl-edith-steindocx-1.docx\" class=\"wp-block-file__button wp-element-button\" download aria-describedby=\"wp-block-file--media-76ce653f-5b85-4f94-be0e-cafa4cf97aa7\">Download<\/a><\/div>\n\n\n\n<div class=\"wp-block-file alignright\"><a id=\"wp-block-file--media-e3608517-e7f4-47ff-9548-60ea2d3db617\" href=\"https:\/\/friedensgebet.karmel.at\/wp-content\/uploads\/2023\/07\/vorschlage-fur-furbitten-1.docx\">Vorschlage f\u00fcr F\u00fcrbitten<\/a><a href=\"https:\/\/friedensgebet.karmel.at\/wp-content\/uploads\/2023\/07\/vorschlage-fur-furbitten-1.docx\" class=\"wp-block-file__button wp-element-button\" download aria-describedby=\"wp-block-file--media-e3608517-e7f4-47ff-9548-60ea2d3db617\">Download<\/a><\/div>\n\n\n\n<p> <\/p>\n<\/div>\n<\/div>\n","protected":false},"excerpt":{"rendered":"<p>Gestalten Sie Ihre eigene Andacht oder Messfeier im Anliegen um Frieden mit den Bausteinen, die Sie auf dieser Seite finden. Die Texte eignen sich f\u00fcr ein Friedensgebet am 9. August, sowie an anderen Tagen. F\u00fchlen Sie sich frei, die Bausteine f\u00fcr Ihrer eigenen Gemeinde\/Gemeinschaft anzupassen. Die Texte wurden von Mitgliedern der Edith Stein Gesellschaften \u00d6sterreichs [&hellip;]<\/p>\n","protected":false},"author":2,"featured_media":0,"parent":0,"menu_order":0,"comment_status":"closed","ping_status":"closed","template":"","meta":{"footnotes":""},"class_list":["post-59","page","type-page","status-publish","hentry"],"_links":{"self":[{"href":"https:\/\/friedensgebet.karmel.at\/index.php?rest_route=\/wp\/v2\/pages\/59","targetHints":{"allow":["GET"]}}],"collection":[{"href":"https:\/\/friedensgebet.karmel.at\/index.php?rest_route=\/wp\/v2\/pages"}],"about":[{"href":"https:\/\/friedensgebet.karmel.at\/index.php?rest_route=\/wp\/v2\/types\/page"}],"author":[{"embeddable":true,"href":"https:\/\/friedensgebet.karmel.at\/index.php?rest_route=\/wp\/v2\/users\/2"}],"replies":[{"embeddable":true,"href":"https:\/\/friedensgebet.karmel.at\/index.php?rest_route=%2Fwp%2Fv2%2Fcomments&post=59"}],"version-history":[{"count":2,"href":"https:\/\/friedensgebet.karmel.at\/index.php?rest_route=\/wp\/v2\/pages\/59\/revisions"}],"predecessor-version":[{"id":445,"href":"https:\/\/friedensgebet.karmel.at\/index.php?rest_route=\/wp\/v2\/pages\/59\/revisions\/445"}],"wp:attachment":[{"href":"https:\/\/friedensgebet.karmel.at\/index.php?rest_route=%2Fwp%2Fv2%2Fmedia&parent=59"}],"curies":[{"name":"wp","href":"https:\/\/api.w.org\/{rel}","templated":true}]}}